{"id":1056,"date":"2020-09-09T08:02:12","date_gmt":"2020-09-09T08:02:12","guid":{"rendered":"https:\/\/chepe.mx\/activities\/"},"modified":"2021-12-03T13:14:14","modified_gmt":"2021-12-03T13:14:14","slug":"activities","status":"publish","type":"page","link":"https:\/\/chepe.mx\/en\/activities\/","title":{"rendered":"Activities"},"content":{"rendered":"<div class=\"wpb-content-wrapper\"><p>[vc_row][vc_column][vc_column_text]If you are planning a trip through Mexico, these are the highlights of the region for you to enjoy aboard the Chepe Express Train[\/vc_column_text][\/vc_column][\/vc_row][vc_row][vc_column][vc_column_text]<\/p>\n<h2><a href=\"https:\/\/chepe.mx\/en\/activities\/el-fuerte\/\">Activities in Mexico: El Fuerte<\/a><\/h2>\n<p>[\/vc_column_text][\/vc_column][\/vc_row][vc_row][vc_column][vc_column_text]<\/p>\n<h3 style=\"text-align: center;\"><strong>Hike through El Fuerte<\/strong><\/h3>\n<p>[\/vc_column_text][vc_single_image image=&#8221;1280&#8243; img_size=&#8221;1000&#215;600&#8243; alignment=&#8221;center&#8221;][vc_column_text]It is not difficult to imagine the ancient lordship of this place when walking by the many houses with cast iron trellises and old gates, or walking through the cobblestone streets with houses from the nineteenth century.<\/p>\n<p>In the center of town you can appreciate the attractive kiosk, the Municipal Palace, the House of Culture and the Church of the Sacred Heart of Jesus.<\/p>\n<p>Another activity to do in Mexico is the military construction that gave its name to the place.<\/p>\n<p>This fort is a replica of the original, which began its construction in 1608 under the order of Mart\u00ednez de Hurdaide, because the indigenous people of the place were too aggressive and came into conflict with the Spanish settlements.<\/p>\n<p>This construction was finished in 1610 and was completely walled, with walls 7 meters high.<\/p>\n<p>Currently, this place is a museum and from the top you can see the mighty Fuerte River.[\/vc_column_text][\/vc_column][\/vc_row][vc_row][vc_column][vc_column_text]<\/p>\n<h3 style=\"text-align: center;\"><strong>Zorro&#8217;s Show<\/strong><\/h3>\n<p>[\/vc_column_text][vc_single_image image=&#8221;1278&#8243; img_size=&#8221;1000&#215;600&#8243; alignment=&#8221;center&#8221;][vc_column_text]<\/p>\n<div class=\"vc_row wpb_row vc_row-fluid\">\n<div class=\"wpb_column vc_column_container vc_col-sm-12\">\n<div class=\"vc_column-inner\">\n<div class=\"wpb_wrapper\">\n<div class=\"wpb_text_column wpb_content_element \">\n<div class=\"wpb_wrapper\">\n<p>El Fuerte guarda muchas historias y leyendas. Por ejemplo, recibi\u00f3 la visita de Venustiano Carranza a su cruce por la Sierra, en 1913, procedente de Parral. Tambi\u00e9n se dice que en este lugar naci\u00f3, en 1795, el legendario Zorro, Don Diego de la Vega, de quien algunos afirman, vivi\u00f3 los primeros diez a\u00f1os de su vida en este lugar.<\/p>\n<\/div>\n<\/div>\n<\/div>\n<\/div>\n<\/div>\n<\/div>\n<p>[\/vc_column_text][\/vc_column][\/vc_row][vc_row][vc_column][vc_column_text]<\/p>\n<h2><a href=\"https:\/\/chepe.mx\/en\/activities\/los-mochis\/\">Activities in Los Mochis<\/a><\/h2>\n<p>[\/vc_column_text][vc_column_text]Los Mochis is a young and modern city, a fusion of two cultures: North American and the indigenous Mayan people of northern Sinaloa.<\/p>\n<p>When you arrive in Los Mochis you will find an extraordinarily fertile land and a place full of wide, tree-lined streets.<\/p>\n<p>This destination offers<\/p>\n<ul>\n<li>Great hospitality in its first-class hotels<\/li>\n<li>Providing visitors with all the services<\/li>\n<li>Information to help them plan an unforgettable itinerary.<\/li>\n<\/ul>\n<p>Los Mochis is a strategic place in the northwest of the Mexican Pacific, which is a fundamental part of the Mexican Pacific.[\/vc_column_text][\/vc_column][\/vc_row][vc_row][vc_column][vc_column_text]<\/p>\n<h3 style=\"text-align: center;\">Botanical Garden<\/h3>\n<p>[\/vc_column_text][vc_single_image image=&#8221;1288&#8243; img_size=&#8221;1000&#215;600&#8243; alignment=&#8221;center&#8221;][vc_column_text]<\/p>\n<div class=\"vc_row wpb_row vc_row-fluid\">\n<div class=\"wpb_column vc_column_container vc_col-sm-12\">\n<div class=\"vc_column-inner\">\n<div class=\"wpb_wrapper\">\n<div class=\"wpb_text_column wpb_content_element \">\n<div class=\"wpb_wrapper\">\n<p>Among the many attractions that you can visit in Los Mochis, we find the Botanical Garden, better known as Sinaloa Park,<\/p>\n<p>This was created by Benjamin Francis Johnston as a living museum of impressive plants where you can admire a variety of species from different parts of the world.<\/p>\n<p>There are games, tables and exercise equipment. If you are a plant lover, you will love this place.<\/p>\n<\/div>\n<\/div>\n<\/div>\n<\/div>\n<\/div>\n<\/div>\n<p>[\/vc_column_text][\/vc_column][\/vc_row][vc_row][vc_column][vc_column_text]<\/p>\n<h3 style=\"text-align: center;\">Bird Island<\/h3>\n<p>[\/vc_column_text][vc_single_image image=&#8221;1290&#8243; img_size=&#8221;1000&#215;600&#8243; alignment=&#8221;center&#8221;][vc_column_text]<\/p>\n<div class=\"vc_row wpb_row vc_row-fluid\">\n<div class=\"wpb_column vc_column_container vc_col-sm-12\">\n<div class=\"vc_column-inner\">\n<div class=\"wpb_wrapper\">\n<div class=\"wpb_text_column wpb_content_element \">\n<div class=\"wpb_wrapper\">\n<p>The island is the second largest of its kind in the world, is embedded in the middle of the Sea of Cortez.<\/p>\n<p>All kinds of birds, sea lions and seals rest on the large rock.<\/p>\n<p>On the island you can practice various sports activities such as<\/p>\n<ul>\n<li>Fishing<\/li>\n<li>Species observation<\/li>\n<li>Doubt the biggest attraction is the visit to the &#8220;Pechocho&#8221;<\/li>\n<\/ul>\n<\/div>\n<\/div>\n<\/div>\n<\/div>\n<\/div>\n<\/div>\n<p>[\/vc_column_text][\/vc_column][\/vc_row][vc_row][vc_column][vc_column_text]<\/p>\n<h3 style=\"text-align: center;\">Maviri Island<\/h3>\n<p>[\/vc_column_text][vc_single_image image=&#8221;1292&#8243; img_size=&#8221;1000&#215;600&#8243; alignment=&#8221;center&#8221;][vc_column_text]Located only 6 km from the port of Topolobampo and 20 minutes from Los Mochis.<\/p>\n<p>Is characterized by its calm waters -suitable for enjoying a dip- and fine sand, perfect for swimming and practicing any kind of beach sport or sharing with the family the sunset, which is an amazing spectacle.<\/p>\n<p>Here you will find many delicious seafood restaurants.[\/vc_column_text][\/vc_column][\/vc_row][vc_row][vc_column][vc_column_text]<\/p>\n<h2><a href=\"https:\/\/chepe.mx\/en\/activities\/bahuichivo\/\">Activities in Mexico: Cerocahui<\/a><\/h2>\n<p>[\/vc_column_text][\/vc_column][\/vc_row][vc_row][vc_column][vc_column_text]<\/p>\n<h3 style=\"text-align: center;\">Cerro de los Gallegos Viewpoint<\/h3>\n<p>[\/vc_column_text][vc_single_image image=&#8221;1274&#8243; img_size=&#8221;1000&#215;600&#8243; alignment=&#8221;center&#8221;][vc_column_text]It is possible to make countless tours, so you should not miss the one that takes you to the most spectacular viewpoint of the entire circuit of ravines.<\/p>\n<p>It is located at the top of the Cerro del Gallego and from there you can appreciate in all its majesty the Barranca de Urique.<\/p>\n<p>The scene becomes even more incredible with the Urique River and the mining town of the same name at the bottom of the ravine.[\/vc_column_text][\/vc_column][\/vc_row][vc_row][vc_column][vc_column_text]<\/p>\n<h3 style=\"text-align: center;\">Vineyards<\/h3>\n<p>[\/vc_column_text][vc_single_image image=&#8221;1270&#8243; img_size=&#8221;1000&#215;600&#8243; alignment=&#8221;center&#8221;][vc_column_text]Cerocahui is an ideal place to enjoy complete peace in harmony with nature, so we recommend you to visit the vineyards of the Mission Hotel.<\/p>\n<p>A few meters from the hotel, as well as make the hike to the waterfall of Cerocahui, called Huicochi by the locals because of the many trees that surround its path.<\/p>\n<p>It is an indescribable hike, you can leave from the hotel, or do the hike alone from the river bank, which is approximately 2 kms long.[\/vc_column_text][\/vc_column][\/vc_row][vc_row][vc_column][vc_column_text]<\/p>\n<h2><a href=\"https:\/\/chepe.mx\/en\/activities\/divisadero\/\">Activities in Divisadero, Mexico<\/a><\/h2>\n<p>[\/vc_column_text][\/vc_column][\/vc_row][vc_row][vc_column][vc_column_text]<\/p>\n<h3 style=\"text-align: center;\">Copper Canyon Hike<\/h3>\n<p>[\/vc_column_text][vc_single_image image=&#8221;1256&#8243; img_size=&#8221;1000&#215;600&#8243; alignment=&#8221;center&#8221;][vc_column_text]It is not for nothing that the hikes and views from the viewpoints have become the most attractive of the route.<\/p>\n<p>Divisadero is most famous points of Barrancas del Cobre route, because has the best viewpoints of the Urique canyon.<\/p>\n<p>From these you can see Batopilas, Oteros, Sinforosa and Tararecua; all of them give origin to the Urique Canyon.<\/p>\n<p>Their lengths total 1,500 km, which makes it four times larger than the Grand Canyon of Colorado, in the United States.<\/p>\n<p>But the most famous of the viewpoints is undoubtedly the Piedra Volada, which has the peculiarity of being a huge ledge that has a huge round rock on top.[\/vc_column_text][\/vc_column][\/vc_row][vc_row][vc_column][vc_column_text]<\/p>\n<h3 style=\"text-align: center;\">Adventure Park<\/h3>\n<p>[\/vc_column_text][vc_single_image image=&#8221;1260&#8243; img_size=&#8221;1000&#215;600&#8243; alignment=&#8221;center&#8221;][vc_column_text]This is one of the most impressive mountain parks in the world. It has a set of 7 zip lines and 2 suspension bridges for a total of almost 5 km, a via ferrata consisting of rappel, rock climbing and a small suspension bridge that is accessed by a &#8220;Tarzan jump&#8221;.<\/p>\n<p>But the main attraction of the park is its spectacular cable car, considered the third longest in the world, with 3 km of cable without intermediate towers.<\/p>\n<p>The cable car is located at the Divisadero Station, next to the Piedra Volada viewpoint.<\/p>\n<p>It has a back and forth system, a cabin that goes in one direction and simultaneously another cabin that goes in the opposite direction. It has two 60-passenger cabins, with a capacity to transport 510 people per hour.<\/p>\n<p>These cabins arrive at the Mes\u00f3n de Bacajipare, a viewpoint that offers an impressive panoramic view of the junction of the Barranca del Cobre, Barranca Tararecua and Barranca de Urique.[\/vc_column_text][\/vc_column][\/vc_row][vc_row][vc_column][vc_column_text]<\/p>\n<h2><a href=\"https:\/\/chepe.mx\/en\/activities\/creel\/\">Activities in Mexico: Creel<\/a><\/h2>\n<p>[\/vc_column_text][\/vc_column][\/vc_row][vc_row][vc_column][vc_column_text]<\/p>\n<h3 style=\"text-align: center;\">Walk through the valleys<\/h3>\n<p>[\/vc_column_text][vc_single_image image=&#8221;1250&#8243; img_size=&#8221;1000&#215;600&#8243; alignment=&#8221;center&#8221;][vc_column_text]A few kilometers from the city center you can find 3 different types of rock formations known as valley of the:<\/p>\n<ul>\n<li>Monks<\/li>\n<li>Frogs<\/li>\n<li>Mushrooms.<\/li>\n<\/ul>\n<p>Here you can enjoy a bike ride, ATV or even a hike, and breathe the aroma of the forest and its incredible views of the mountains.<\/p>\n<p>You will always find Rar\u00e1muris ready to welcome you, guide you on your way and sell you a small souvenir such as their baskets made of pine needles, bracelets or looms made by themselves.[\/vc_column_text][\/vc_column][\/vc_row][vc_row][vc_column][vc_column_text]<\/p>\n<h3 style=\"text-align: center;\">Areko Lake<\/h3>\n<p>[\/vc_column_text][vc_single_image image=&#8221;1248&#8243; img_size=&#8221;1000&#215;600&#8243; alignment=&#8221;center&#8221;][vc_column_text]7 km from the center of Creel you will find this wonderful lake next to the Tarahumara ejido of San Ignacio de Arareco.<\/p>\n<p>Arareco, Herradura in Rar\u00e1muri, is named for its shape, it has a length of 3 km in the shape of a u, which is surrounded by coniferous trees, oaks and arbutus. If you wish you can walk around it and even camp.[\/vc_column_text][\/vc_column][\/vc_row]<\/p>\n<\/div>","protected":false},"excerpt":{"rendered":"<p>[vc_row][vc_column][vc_column_text]If you are planning a trip through Mexico, these are the highlights of the region for you to enjoy aboard the Chepe Express Train[\/vc_column_text][\/vc_column][\/vc_row][vc_row][vc_column][vc_column_text] Activities in Mexico: El Fuerte [\/vc_column_text][\/vc_column][\/vc_row][vc_row][vc_column][vc_column_text] Hike through El Fuerte [\/vc_column_text][vc_single_image image=&#8221;1280&#8243; img_size=&#8221;1000&#215;600&#8243; alignment=&#8221;center&#8221;][vc_column_text]It is not difficult to imagine the ancient lordship of this place when walking by the many houses [&hellip;]<\/p>\n","protected":false},"author":11,"featured_media":2644,"parent":0,"menu_order":0,"comment_status":"closed","ping_status":"closed","template":"","meta":{"_acf_changed":false,"footnotes":""},"class_list":["post-1056","page","type-page","status-publish","has-post-thumbnail","hentry"],"acf":[],"yoast_head":"<!-- This site is optimized with the Yoast SEO plugin v27.3 - https:\/\/yoast.com\/product\/yoast-seo-wordpress\/ -->\n<title>Activities in Mexico: Los Mochis, Creel, Divisadero, El Fuerte and more<\/title>\n<meta name=\"description\" content=\"Discover the incredible activities in Mexico that you can do if you have booked your place in the Chepe Express Train. Contact us!\" \/>\n<meta name=\"robots\" content=\"index, follow, max-snippet:-1, max-image-preview:large, max-video-preview:-1\" \/>\n<link rel=\"canonical\" href=\"https:\/\/chepe.mx\/en\/activities\/\" \/>\n<meta property=\"og:locale\" content=\"en_US\" \/>\n<meta property=\"og:type\" content=\"article\" \/>\n<meta property=\"og:title\" content=\"Activities in Mexico: Los Mochis, Creel, Divisadero, El Fuerte and more\" \/>\n<meta property=\"og:description\" content=\"Discover the incredible activities in Mexico that you can do if you have booked your place in the Chepe Express Train. Contact us!\" \/>\n<meta property=\"og:url\" content=\"https:\/\/chepe.mx\/en\/activities\/\" \/>\n<meta property=\"og:site_name\" content=\"Chepe Express - Sitio Web Oficial\" \/>\n<meta property=\"article:modified_time\" content=\"2021-12-03T13:14:14+00:00\" \/>\n<meta property=\"og:image\" content=\"https:\/\/chepe.mx\/wp-content\/uploads\/2021\/10\/Screen-Shot-2021-09-29-at-20.46.02.png\" \/>\n\t<meta property=\"og:image:width\" content=\"816\" \/>\n\t<meta property=\"og:image:height\" content=\"397\" \/>\n\t<meta property=\"og:image:type\" content=\"image\/png\" \/>\n<meta name=\"twitter:card\" content=\"summary_large_image\" \/>\n<meta name=\"twitter:label1\" content=\"Est. reading time\" \/>\n\t<meta name=\"twitter:data1\" content=\"8 minutes\" \/>\n<script type=\"application\/ld+json\" class=\"yoast-schema-graph\">{\"@context\":\"https:\\\/\\\/schema.org\",\"@graph\":[{\"@type\":\"WebPage\",\"@id\":\"https:\\\/\\\/chepe.mx\\\/en\\\/activities\\\/\",\"url\":\"https:\\\/\\\/chepe.mx\\\/en\\\/activities\\\/\",\"name\":\"Activities in Mexico: Los Mochis, Creel, Divisadero, El Fuerte and more\",\"isPartOf\":{\"@id\":\"https:\\\/\\\/chepe.mx\\\/en\\\/#website\"},\"primaryImageOfPage\":{\"@id\":\"https:\\\/\\\/chepe.mx\\\/en\\\/activities\\\/#primaryimage\"},\"image\":{\"@id\":\"https:\\\/\\\/chepe.mx\\\/en\\\/activities\\\/#primaryimage\"},\"thumbnailUrl\":\"https:\\\/\\\/chepe.mx\\\/wp-content\\\/uploads\\\/2021\\\/10\\\/Screen-Shot-2021-09-29-at-20.46.02.png\",\"datePublished\":\"2020-09-09T08:02:12+00:00\",\"dateModified\":\"2021-12-03T13:14:14+00:00\",\"description\":\"Discover the incredible activities in Mexico that you can do if you have booked your place in the Chepe Express Train. Contact us!\",\"breadcrumb\":{\"@id\":\"https:\\\/\\\/chepe.mx\\\/en\\\/activities\\\/#breadcrumb\"},\"inLanguage\":\"en-US\",\"potentialAction\":[{\"@type\":\"ReadAction\",\"target\":[\"https:\\\/\\\/chepe.mx\\\/en\\\/activities\\\/\"]}]},{\"@type\":\"ImageObject\",\"inLanguage\":\"en-US\",\"@id\":\"https:\\\/\\\/chepe.mx\\\/en\\\/activities\\\/#primaryimage\",\"url\":\"https:\\\/\\\/chepe.mx\\\/wp-content\\\/uploads\\\/2021\\\/10\\\/Screen-Shot-2021-09-29-at-20.46.02.png\",\"contentUrl\":\"https:\\\/\\\/chepe.mx\\\/wp-content\\\/uploads\\\/2021\\\/10\\\/Screen-Shot-2021-09-29-at-20.46.02.png\",\"width\":816,\"height\":397,\"caption\":\"activities in mexico\"},{\"@type\":\"BreadcrumbList\",\"@id\":\"https:\\\/\\\/chepe.mx\\\/en\\\/activities\\\/#breadcrumb\",\"itemListElement\":[{\"@type\":\"ListItem\",\"position\":1,\"name\":\"Inicio\",\"item\":\"https:\\\/\\\/chepe.mx\\\/en\\\/\"},{\"@type\":\"ListItem\",\"position\":2,\"name\":\"Activities\"}]},{\"@type\":\"WebSite\",\"@id\":\"https:\\\/\\\/chepe.mx\\\/en\\\/#website\",\"url\":\"https:\\\/\\\/chepe.mx\\\/en\\\/\",\"name\":\"Chepe Express - Sitio Web Oficial\",\"description\":\"Viaja en el Chepe Express\",\"potentialAction\":[{\"@type\":\"SearchAction\",\"target\":{\"@type\":\"EntryPoint\",\"urlTemplate\":\"https:\\\/\\\/chepe.mx\\\/en\\\/?s={search_term_string}\"},\"query-input\":{\"@type\":\"PropertyValueSpecification\",\"valueRequired\":true,\"valueName\":\"search_term_string\"}}],\"inLanguage\":\"en-US\"}]}<\/script>\n<!-- \/ Yoast SEO plugin. -->","yoast_head_json":{"title":"Activities in Mexico: Los Mochis, Creel, Divisadero, El Fuerte and more","description":"Discover the incredible activities in Mexico that you can do if you have booked your place in the Chepe Express Train. Contact us!","robots":{"index":"index","follow":"follow","max-snippet":"max-snippet:-1","max-image-preview":"max-image-preview:large","max-video-preview":"max-video-preview:-1"},"canonical":"https:\/\/chepe.mx\/en\/activities\/","og_locale":"en_US","og_type":"article","og_title":"Activities in Mexico: Los Mochis, Creel, Divisadero, El Fuerte and more","og_description":"Discover the incredible activities in Mexico that you can do if you have booked your place in the Chepe Express Train. Contact us!","og_url":"https:\/\/chepe.mx\/en\/activities\/","og_site_name":"Chepe Express - Sitio Web Oficial","article_modified_time":"2021-12-03T13:14:14+00:00","og_image":[{"width":816,"height":397,"url":"https:\/\/chepe.mx\/wp-content\/uploads\/2021\/10\/Screen-Shot-2021-09-29-at-20.46.02.png","type":"image\/png"}],"twitter_card":"summary_large_image","twitter_misc":{"Est. reading time":"8 minutes"},"schema":{"@context":"https:\/\/schema.org","@graph":[{"@type":"WebPage","@id":"https:\/\/chepe.mx\/en\/activities\/","url":"https:\/\/chepe.mx\/en\/activities\/","name":"Activities in Mexico: Los Mochis, Creel, Divisadero, El Fuerte and more","isPartOf":{"@id":"https:\/\/chepe.mx\/en\/#website"},"primaryImageOfPage":{"@id":"https:\/\/chepe.mx\/en\/activities\/#primaryimage"},"image":{"@id":"https:\/\/chepe.mx\/en\/activities\/#primaryimage"},"thumbnailUrl":"https:\/\/chepe.mx\/wp-content\/uploads\/2021\/10\/Screen-Shot-2021-09-29-at-20.46.02.png","datePublished":"2020-09-09T08:02:12+00:00","dateModified":"2021-12-03T13:14:14+00:00","description":"Discover the incredible activities in Mexico that you can do if you have booked your place in the Chepe Express Train. Contact us!","breadcrumb":{"@id":"https:\/\/chepe.mx\/en\/activities\/#breadcrumb"},"inLanguage":"en-US","potentialAction":[{"@type":"ReadAction","target":["https:\/\/chepe.mx\/en\/activities\/"]}]},{"@type":"ImageObject","inLanguage":"en-US","@id":"https:\/\/chepe.mx\/en\/activities\/#primaryimage","url":"https:\/\/chepe.mx\/wp-content\/uploads\/2021\/10\/Screen-Shot-2021-09-29-at-20.46.02.png","contentUrl":"https:\/\/chepe.mx\/wp-content\/uploads\/2021\/10\/Screen-Shot-2021-09-29-at-20.46.02.png","width":816,"height":397,"caption":"activities in mexico"},{"@type":"BreadcrumbList","@id":"https:\/\/chepe.mx\/en\/activities\/#breadcrumb","itemListElement":[{"@type":"ListItem","position":1,"name":"Inicio","item":"https:\/\/chepe.mx\/en\/"},{"@type":"ListItem","position":2,"name":"Activities"}]},{"@type":"WebSite","@id":"https:\/\/chepe.mx\/en\/#website","url":"https:\/\/chepe.mx\/en\/","name":"Chepe Express - Sitio Web Oficial","description":"Viaja en el Chepe Express","potentialAction":[{"@type":"SearchAction","target":{"@type":"EntryPoint","urlTemplate":"https:\/\/chepe.mx\/en\/?s={search_term_string}"},"query-input":{"@type":"PropertyValueSpecification","valueRequired":true,"valueName":"search_term_string"}}],"inLanguage":"en-US"}]}},"_links":{"self":[{"href":"https:\/\/chepe.mx\/en\/wp-json\/wp\/v2\/pages\/1056","targetHints":{"allow":["GET"]}}],"collection":[{"href":"https:\/\/chepe.mx\/en\/wp-json\/wp\/v2\/pages"}],"about":[{"href":"https:\/\/chepe.mx\/en\/wp-json\/wp\/v2\/types\/page"}],"author":[{"embeddable":true,"href":"https:\/\/chepe.mx\/en\/wp-json\/wp\/v2\/users\/11"}],"replies":[{"embeddable":true,"href":"https:\/\/chepe.mx\/en\/wp-json\/wp\/v2\/comments?post=1056"}],"version-history":[{"count":2,"href":"https:\/\/chepe.mx\/en\/wp-json\/wp\/v2\/pages\/1056\/revisions"}],"predecessor-version":[{"id":2900,"href":"https:\/\/chepe.mx\/en\/wp-json\/wp\/v2\/pages\/1056\/revisions\/2900"}],"wp:featuredmedia":[{"embeddable":true,"href":"https:\/\/chepe.mx\/en\/wp-json\/wp\/v2\/media\/2644"}],"wp:attachment":[{"href":"https:\/\/chepe.mx\/en\/wp-json\/wp\/v2\/media?parent=1056"}],"curies":[{"name":"wp","href":"https:\/\/api.w.org\/{rel}","templated":true}]}}